{"id":1119,"date":"2021-03-30T15:21:40","date_gmt":"2021-03-30T13:21:40","guid":{"rendered":"http:\/\/urge-to-move.events\/?page_id=1119"},"modified":"2024-09-04T16:33:18","modified_gmt":"2024-09-04T14:33:18","slug":"impressum","status":"publish","type":"page","link":"https:\/\/urge-to-move.events\/en\/impressum\/","title":{"rendered":"Imprint"},"content":{"rendered":"<div data-elementor-type=\"wp-page\" data-elementor-id=\"1119\" class=\"elementor elementor-1119\" data-elementor-post-type=\"page\">\n\t\t\t\t\t\t<section class=\"elementor-section elementor-top-section elementor-element elementor-element-a0a3fd6 elementor-section-boxed elementor-section-height-default elementor-section-height-default\" data-id=\"a0a3fd6\" data-element_type=\"section\">\n\t\t\t\t\t\t<div class=\"elementor-container elementor-column-gap-default\">\n\t\t\t\t\t<div class=\"elementor-column elementor-col-100 elementor-top-column elementor-element elementor-element-7207442\" data-id=\"7207442\" data-element_type=\"column\">\n\t\t\t<div class=\"elementor-widget-wrap elementor-element-populated\">\n\t\t\t\t\t\t<div class=\"elementor-element elementor-element-999c57a elementor-widget elementor-widget-heading\" data-id=\"999c57a\" data-element_type=\"widget\" data-widget_type=\"heading.default\">\n\t\t\t\t\t<h2 class=\"elementor-heading-title elementor-size-default\">IMPRESSUM<\/h2>\t\t\t\t<\/div>\n\t\t\t\t<div class=\"elementor-element elementor-element-3924777 elementor-widget elementor-widget-text-editor\" data-id=\"3924777\" data-element_type=\"widget\" data-widget_type=\"text-editor.default\">\n\t\t\t\t\t\t\t\t\t<p><b>Angaben gem\u00e4\u00df \u00a7 5 TMG<\/b><\/p><p>FRIMAR SOLUTIONS GbR<br \/>Jordanstr. 10<br \/>01099 Dresden<\/p><p>Gesch\u00e4ftsf\u00fchrer:<br \/>Mark Greiser und Friedrich Schl\u00fcter<\/p><p>USt-IdNr.: DE289486642<\/p><p>Tel.: +49 351 30 95 42 34<br \/>(Mo-Fr 11:00-18:00 Uhr)<\/p><p>Mail: info[at]urge-to-move.de<\/p><p>Programmierung:<br \/>FRIMAR SOLUTIONS GbR, Dresden<br \/>Mark Greiser<\/p><p><b>Haftung f\u00fcr Inhalte<\/b><\/p><p>Die Inhalte dieser Seiten wurden mit gr\u00f6\u00dfter Sorgfalt erstellt. F\u00fcr die Richtigkeit, Vollst\u00e4ndigkeit und Aktualit\u00e4t der Inhalte k\u00f6nnen wir jedoch keine Gew\u00e4hr \u00fcbernehmen. Als Dienstleistungsanbieter sind wir f\u00fcr eigene Inhalte auf dieser Seite nach den allgemeinen Gesetzen verantwortlich. Dienstanbieter sind jedoch nicht verpflichtet, die von ihnen \u00fcbermittelten oder gespeicherten fremden Informationen zu \u00fcberwachen oder nach Umst\u00e4nden zu forschen, die auf eine rechtswidrige T\u00e4tigkeit hinweisen. Verpflichtungen zur Entfernung oder Sperrung der Nutzung von Informationen nach den allgemeinen Gesetzen bleiben hiervon unber\u00fchrt. Eine diesbez\u00fcgliche Haftung ist jedoch erst ab dem Zeitpunkt der Kenntnis einer konkreten Rechtsverletzung m\u00f6glich. Bei bekannt werden von entsprechenden Rechtsverletzungen werden wir diese Inhalte umgehend entfernen.<\/p><p><b>Haftung f\u00fcr Links<\/b><\/p><p>Unser Angebot enth\u00e4lt Links zu externen Webseiten Dritter, auf deren Inhalte wir keinen Einflu\u00df haben. Deshalb k\u00f6nnen wir f\u00fcr diese fremden Inhalte auch keine Gew\u00e4hr \u00fcbernehmen. F\u00fcr die Inhalte der verlinkten Seiten ist der jeweilige Anbieter oder Betreiber der Seiten verantwortlich. Die verlinkten Seiten wurden zum Zeitpunkt der Verlinkung auf m\u00f6gliche Rechtsverst\u00f6\u00dfe \u00fcberpr\u00fcft. Rechtswidrige Inhalte waren zum Zeitpunkt der Verlinkung nicht erkennbar. Eine permanente inhaltliche Kontrolle der verlinkten Seiten ist jedoch ohne konkrete Anhaltspunkte einer Rechtsverletzung nicht zumutbar. Bei bekanntwerden von Rechtsverletzungen werden derartige Links umgehend entfernt.<\/p>\t\t\t\t\t\t\t\t<\/div>\n\t\t\t\t\t<\/div>\n\t\t<\/div>\n\t\t\t\t\t<\/div>\n\t\t<\/section>\n\t\t\t\t<\/div>","protected":false},"excerpt":{"rendered":"<p>IMPRESSUM Angaben gem\u00e4\u00df \u00a7 5 TMG FRIMAR SOLUTIONS GbRJordanstr. 1001099 Dresden Gesch\u00e4ftsf\u00fchrer:Mark Greiser und Friedrich Schl\u00fcter USt-IdNr.: DE289486642 Tel.: +49 351 30 95 42 34(Mo-Fr 11:00-18:00 Uhr) Mail: info[at]urge-to-move.de Programmierung:FRIMAR SOLUTIONS GbR, DresdenMark Greiser Haftung f\u00fcr Inhalte Die Inhalte dieser Seiten wurden mit gr\u00f6\u00dfter Sorgfalt erstellt. F\u00fcr die Richtigkeit, Vollst\u00e4ndigkeit und Aktualit\u00e4t der Inhalte k\u00f6nnen [&hellip;]<\/p>","protected":false},"author":1,"featured_media":0,"parent":0,"menu_order":0,"comment_status":"closed","ping_status":"closed","template":"elementor_canvas","meta":{"footnotes":""},"class_list":["post-1119","page","type-page","status-publish","hentry"],"yoast_head":"<!-- This site is optimized with the Yoast SEO plugin v25.2 - https:\/\/yoast.com\/wordpress\/plugins\/seo\/ -->\n<title>Impressum - URGE TO MOVE<\/title>\n<meta name=\"robots\" content=\"index, follow, max-snippet:-1, max-image-preview:large, max-video-preview:-1\" \/>\n<link rel=\"canonical\" href=\"https:\/\/urge-to-move.events\/en\/impressum\/\" \/>\n<meta property=\"og:locale\" content=\"en_GB\" \/>\n<meta property=\"og:type\" content=\"article\" \/>\n<meta property=\"og:title\" content=\"Impressum - URGE TO MOVE\" \/>\n<meta property=\"og:description\" content=\"IMPRESSUM Angaben gem\u00e4\u00df \u00a7 5 TMG FRIMAR SOLUTIONS GbRJordanstr. 1001099 Dresden Gesch\u00e4ftsf\u00fchrer:Mark Greiser und Friedrich Schl\u00fcter USt-IdNr.: DE289486642 Tel.: +49 351 30 95 42 34(Mo-Fr 11:00-18:00 Uhr) Mail: info[at]urge-to-move.de Programmierung:FRIMAR SOLUTIONS GbR, DresdenMark Greiser Haftung f\u00fcr Inhalte Die Inhalte dieser Seiten wurden mit gr\u00f6\u00dfter Sorgfalt erstellt. F\u00fcr die Richtigkeit, Vollst\u00e4ndigkeit und Aktualit\u00e4t der Inhalte k\u00f6nnen [&hellip;]\" \/>\n<meta property=\"og:url\" content=\"https:\/\/urge-to-move.events\/en\/impressum\/\" \/>\n<meta property=\"og:site_name\" content=\"URGE TO MOVE\" \/>\n<meta property=\"article:modified_time\" content=\"2024-09-04T14:33:18+00:00\" \/>\n<meta name=\"twitter:card\" content=\"summary_large_image\" \/>\n<meta name=\"twitter:label1\" content=\"Estimated reading time\" \/>\n\t<meta name=\"twitter:data1\" content=\"2 minutes\" \/>\n<script type=\"application\/ld+json\" class=\"yoast-schema-graph\">{\"@context\":\"https:\/\/schema.org\",\"@graph\":[{\"@type\":\"WebPage\",\"@id\":\"https:\/\/urge-to-move.events\/impressum\/\",\"url\":\"https:\/\/urge-to-move.events\/impressum\/\",\"name\":\"Impressum - URGE TO MOVE\",\"isPartOf\":{\"@id\":\"https:\/\/urge-to-move.events\/#website\"},\"datePublished\":\"2021-03-30T13:21:40+00:00\",\"dateModified\":\"2024-09-04T14:33:18+00:00\",\"breadcrumb\":{\"@id\":\"https:\/\/urge-to-move.events\/impressum\/#breadcrumb\"},\"inLanguage\":\"en-GB\",\"potentialAction\":[{\"@type\":\"ReadAction\",\"target\":[\"https:\/\/urge-to-move.events\/impressum\/\"]}]},{\"@type\":\"BreadcrumbList\",\"@id\":\"https:\/\/urge-to-move.events\/impressum\/#breadcrumb\",\"itemListElement\":[{\"@type\":\"ListItem\",\"position\":1,\"name\":\"Startseite\",\"item\":\"https:\/\/urge-to-move.events\/\"},{\"@type\":\"ListItem\",\"position\":2,\"name\":\"Impressum\"}]},{\"@type\":\"WebSite\",\"@id\":\"https:\/\/urge-to-move.events\/#website\",\"url\":\"https:\/\/urge-to-move.events\/\",\"name\":\"URGE TO MOVE\",\"description\":\"\",\"potentialAction\":[{\"@type\":\"SearchAction\",\"target\":{\"@type\":\"EntryPoint\",\"urlTemplate\":\"https:\/\/urge-to-move.events\/?s={search_term_string}\"},\"query-input\":{\"@type\":\"PropertyValueSpecification\",\"valueRequired\":true,\"valueName\":\"search_term_string\"}}],\"inLanguage\":\"en-GB\"}]}<\/script>\n<!-- \/ Yoast SEO plugin. -->","yoast_head_json":{"title":"Impressum - URGE TO MOVE","robots":{"index":"index","follow":"follow","max-snippet":"max-snippet:-1","max-image-preview":"max-image-preview:large","max-video-preview":"max-video-preview:-1"},"canonical":"https:\/\/urge-to-move.events\/en\/impressum\/","og_locale":"en_GB","og_type":"article","og_title":"Impressum - URGE TO MOVE","og_description":"IMPRESSUM Angaben gem\u00e4\u00df \u00a7 5 TMG FRIMAR SOLUTIONS GbRJordanstr. 1001099 Dresden Gesch\u00e4ftsf\u00fchrer:Mark Greiser und Friedrich Schl\u00fcter USt-IdNr.: DE289486642 Tel.: +49 351 30 95 42 34(Mo-Fr 11:00-18:00 Uhr) Mail: info[at]urge-to-move.de Programmierung:FRIMAR SOLUTIONS GbR, DresdenMark Greiser Haftung f\u00fcr Inhalte Die Inhalte dieser Seiten wurden mit gr\u00f6\u00dfter Sorgfalt erstellt. F\u00fcr die Richtigkeit, Vollst\u00e4ndigkeit und Aktualit\u00e4t der Inhalte k\u00f6nnen [&hellip;]","og_url":"https:\/\/urge-to-move.events\/en\/impressum\/","og_site_name":"URGE TO MOVE","article_modified_time":"2024-09-04T14:33:18+00:00","twitter_card":"summary_large_image","twitter_misc":{"Estimated reading time":"2 minutes"},"schema":{"@context":"https:\/\/schema.org","@graph":[{"@type":"WebPage","@id":"https:\/\/urge-to-move.events\/impressum\/","url":"https:\/\/urge-to-move.events\/impressum\/","name":"Impressum - URGE TO MOVE","isPartOf":{"@id":"https:\/\/urge-to-move.events\/#website"},"datePublished":"2021-03-30T13:21:40+00:00","dateModified":"2024-09-04T14:33:18+00:00","breadcrumb":{"@id":"https:\/\/urge-to-move.events\/impressum\/#breadcrumb"},"inLanguage":"en-GB","potentialAction":[{"@type":"ReadAction","target":["https:\/\/urge-to-move.events\/impressum\/"]}]},{"@type":"BreadcrumbList","@id":"https:\/\/urge-to-move.events\/impressum\/#breadcrumb","itemListElement":[{"@type":"ListItem","position":1,"name":"Startseite","item":"https:\/\/urge-to-move.events\/"},{"@type":"ListItem","position":2,"name":"Impressum"}]},{"@type":"WebSite","@id":"https:\/\/urge-to-move.events\/#website","url":"https:\/\/urge-to-move.events\/","name":"URGE TO MOVE","description":"","potentialAction":[{"@type":"SearchAction","target":{"@type":"EntryPoint","urlTemplate":"https:\/\/urge-to-move.events\/?s={search_term_string}"},"query-input":{"@type":"PropertyValueSpecification","valueRequired":true,"valueName":"search_term_string"}}],"inLanguage":"en-GB"}]}},"_links":{"self":[{"href":"https:\/\/urge-to-move.events\/en\/wp-json\/wp\/v2\/pages\/1119","targetHints":{"allow":["GET"]}}],"collection":[{"href":"https:\/\/urge-to-move.events\/en\/wp-json\/wp\/v2\/pages"}],"about":[{"href":"https:\/\/urge-to-move.events\/en\/wp-json\/wp\/v2\/types\/page"}],"author":[{"embeddable":true,"href":"https:\/\/urge-to-move.events\/en\/wp-json\/wp\/v2\/users\/1"}],"replies":[{"embeddable":true,"href":"https:\/\/urge-to-move.events\/en\/wp-json\/wp\/v2\/comments?post=1119"}],"version-history":[{"count":7,"href":"https:\/\/urge-to-move.events\/en\/wp-json\/wp\/v2\/pages\/1119\/revisions"}],"predecessor-version":[{"id":3951,"href":"https:\/\/urge-to-move.events\/en\/wp-json\/wp\/v2\/pages\/1119\/revisions\/3951"}],"wp:attachment":[{"href":"https:\/\/urge-to-move.events\/en\/wp-json\/wp\/v2\/media?parent=1119"}],"curies":[{"name":"wp","href":"https:\/\/api.w.org\/{rel}","templated":true}]}}